{"id":4149,"date":"2024-05-08T18:32:39","date_gmt":"2024-05-08T18:32:39","guid":{"rendered":"https:\/\/reuos.org\/?page_id=4149"},"modified":"2024-05-30T01:43:49","modified_gmt":"2024-05-30T01:43:49","slug":"%d9%85%d8%b4%d8%a7%d8%b1%d9%8a%d8%b9%d9%86%d8%a7","status":"publish","type":"page","link":"https:\/\/reuos.org\/fr\/%d9%85%d8%b4%d8%a7%d8%b1%d9%8a%d8%b9%d9%86%d8%a7\/","title":{"rendered":"Nos projets"},"content":{"rendered":"<div data-elementor-type=\"wp-page\" data-elementor-id=\"4149\" class=\"elementor elementor-4149\" data-elementor-post-type=\"page\">\n\t\t\t\t<div class=\"elementor-element elementor-element-86c5a2f e-flex e-con-boxed e-con e-parent\" data-id=\"86c5a2f\" data-element_type=\"container\">\n\t\t\t\t\t<div class=\"e-con-inner\">\n\t\t\t\t<div class=\"elementor-element elementor-element-397bbcc elementor-widget elementor-widget-ct_title\" data-id=\"397bbcc\" data-element_type=\"widget\" data-widget_type=\"ct_title.default\">\n\t\t\t\t<div class=\"elementor-widget-container\">\n\t\t\t\t\t<div class=\"ct-title1 style2\">\r\n    <h3>\r\n    \t\t        <span>Le premier projet<\/span>\r\n\t        <i><\/i>\r\n\t        <\/h3>\r\n<\/div>\t\t\t\t<\/div>\n\t\t\t\t<\/div>\n\t\t\t\t<div class=\"elementor-element elementor-element-3d3211b elementor-widget elementor-widget-text-editor\" data-id=\"3d3211b\" data-element_type=\"widget\" data-widget_type=\"text-editor.default\">\n\t\t\t\t<div class=\"elementor-widget-container\">\n\t\t\t\t\t\t\t\t\t<div class=\"side_border_heading_subtitle\"><span class=\"uc_style_side_border_heading_elementor_subtitle\">(Fonds de durabilit\u00e9 de l'Union immobili\u00e8re des pays de l'Organisation de la coop\u00e9ration islamique) dot\u00e9 d'un capital lib\u00e9r\u00e9 de 250 millions de dollars am\u00e9ricains, qui vise \u00e0 \u00e9tablir une exposition immobili\u00e8re permanente dans les principales capitales des pays de l'Organisation de la coop\u00e9ration islamique.<\/span><\/div>\t\t\t\t\t\t\t\t<\/div>\n\t\t\t\t<\/div>\n\t\t\t\t<div class=\"elementor-element elementor-element-fcf4df8 elementor-widget-divider--view-line elementor-widget elementor-widget-divider\" data-id=\"fcf4df8\" data-element_type=\"widget\" data-widget_type=\"divider.default\">\n\t\t\t\t<div class=\"elementor-widget-container\">\n\t\t\t\t\t\t\t<div class=\"elementor-divider\">\n\t\t\t<span class=\"elementor-divider-separator\">\n\t\t\t\t\t\t<\/span>\n\t\t<\/div>\n\t\t\t\t\t\t<\/div>\n\t\t\t\t<\/div>\n\t\t\t\t\t<\/div>\n\t\t\t\t<\/div>\n\t\t<div class=\"elementor-element elementor-element-9e1c725 e-flex e-con-boxed e-con e-parent\" data-id=\"9e1c725\" data-element_type=\"container\">\n\t\t\t\t\t<div class=\"e-con-inner\">\n\t\t\t\t<div class=\"elementor-element elementor-element-5088330 elementor-widget elementor-widget-ct_title\" data-id=\"5088330\" data-element_type=\"widget\" data-widget_type=\"ct_title.default\">\n\t\t\t\t<div class=\"elementor-widget-container\">\n\t\t\t\t\t<div class=\"ct-title1 style2\">\r\n    <h3>\r\n    \t\t        <span>Le deuxi\u00e8me projet<\/span>\r\n\t        <i><\/i>\r\n\t        <\/h3>\r\n<\/div>\t\t\t\t<\/div>\n\t\t\t\t<\/div>\n\t\t\t\t<div class=\"elementor-element elementor-element-d26e819 elementor-widget elementor-widget-text-editor\" data-id=\"d26e819\" data-element_type=\"widget\" data-widget_type=\"text-editor.default\">\n\t\t\t\t<div class=\"elementor-widget-container\">\n\t\t\t\t\t\t\t\t\t(International Affordable Housing Company), qui vise \u00e0 servir les gouvernements des pays donateurs ou en d\u00e9veloppement de l'Organisation de la coop\u00e9ration islamique dans le secteur du d\u00e9veloppement du logement, avec un capital lib\u00e9r\u00e9 de 500 millions de dollars am\u00e9ricains.\n\t\t\t\t\t\t\t\t<\/div>\n\t\t\t\t<\/div>\n\t\t\t\t<div class=\"elementor-element elementor-element-d2c380a elementor-widget-divider--view-line elementor-widget elementor-widget-divider\" data-id=\"d2c380a\" data-element_type=\"widget\" data-widget_type=\"divider.default\">\n\t\t\t\t<div class=\"elementor-widget-container\">\n\t\t\t\t\t\t\t<div class=\"elementor-divider\">\n\t\t\t<span class=\"elementor-divider-separator\">\n\t\t\t\t\t\t<\/span>\n\t\t<\/div>\n\t\t\t\t\t\t<\/div>\n\t\t\t\t<\/div>\n\t\t\t\t\t<\/div>\n\t\t\t\t<\/div>\n\t\t<div class=\"elementor-element elementor-element-e030430 e-flex e-con-boxed e-con e-parent\" data-id=\"e030430\" data-element_type=\"container\">\n\t\t\t\t\t<div class=\"e-con-inner\">\n\t\t\t\t<div class=\"elementor-element elementor-element-4aa2612 elementor-widget elementor-widget-ct_title\" data-id=\"4aa2612\" data-element_type=\"widget\" data-widget_type=\"ct_title.default\">\n\t\t\t\t<div class=\"elementor-widget-container\">\n\t\t\t\t\t<div class=\"ct-title1 style2\">\r\n    <h3>\r\n    \t\t        <span>Le troisi\u00e8me projet<\/span>\r\n\t        <i><\/i>\r\n\t        <\/h3>\r\n<\/div>\t\t\t\t<\/div>\n\t\t\t\t<\/div>\n\t\t\t\t<div class=\"elementor-element elementor-element-de224f5 elementor-widget elementor-widget-text-editor\" data-id=\"de224f5\" data-element_type=\"widget\" data-widget_type=\"text-editor.default\">\n\t\t\t\t<div class=\"elementor-widget-container\">\n\t\t\t\t\t\t\t\t\t(Soci\u00e9t\u00e9 internationale pour l'investissement des dotations islamiques), qui vise \u00e0 servir les gouvernements et le secteur priv\u00e9 des pays de l'Organisation de la coop\u00e9ration islamique dans le but d'investir et de d\u00e9velopper le secteur des dotations g\u00e9n\u00e9ratrices de revenus \u00e0 travers la construction, la r\u00e9habilitation, l'entretien et la gestion. ... avec un capital lib\u00e9r\u00e9 de 500 millions de dollars am\u00e9ricains.\n\t\t\t\t\t\t\t\t<\/div>\n\t\t\t\t<\/div>\n\t\t\t\t<div class=\"elementor-element elementor-element-93f9b60 elementor-widget-divider--view-line elementor-widget elementor-widget-divider\" data-id=\"93f9b60\" data-element_type=\"widget\" data-widget_type=\"divider.default\">\n\t\t\t\t<div class=\"elementor-widget-container\">\n\t\t\t\t\t\t\t<div class=\"elementor-divider\">\n\t\t\t<span class=\"elementor-divider-separator\">\n\t\t\t\t\t\t<\/span>\n\t\t<\/div>\n\t\t\t\t\t\t<\/div>\n\t\t\t\t<\/div>\n\t\t\t\t\t<\/div>\n\t\t\t\t<\/div>\n\t\t<div class=\"elementor-element elementor-element-4cb40ec e-flex e-con-boxed e-con e-parent\" data-id=\"4cb40ec\" data-element_type=\"container\">\n\t\t\t\t\t<div class=\"e-con-inner\">\n\t\t\t\t<div class=\"elementor-element elementor-element-95c74e6 elementor-widget elementor-widget-ct_title\" data-id=\"95c74e6\" data-element_type=\"widget\" data-widget_type=\"ct_title.default\">\n\t\t\t\t<div class=\"elementor-widget-container\">\n\t\t\t\t\t<div class=\"ct-title1 style2\">\r\n    <h3>\r\n    \t\t        <span>Quatri\u00e8me projet<\/span>\r\n\t        <i><\/i>\r\n\t        <\/h3>\r\n<\/div>\t\t\t\t<\/div>\n\t\t\t\t<\/div>\n\t\t\t\t<div class=\"elementor-element elementor-element-be8fbd8 elementor-widget elementor-widget-text-editor\" data-id=\"be8fbd8\" data-element_type=\"widget\" data-widget_type=\"text-editor.default\">\n\t\t\t\t<div class=\"elementor-widget-container\">\n\t\t\t\t\t\t\t\t\tLe Fonds \u00ab Plateformes de civilisation \u00bb, en coordination avec des organismes sp\u00e9cialis\u00e9s, et \u00e9tant donn\u00e9 le grand statut et le r\u00f4le important que jouent les mosqu\u00e9es dans la construction d'une soci\u00e9t\u00e9 islamique sur une base civilis\u00e9e, ce fonds est lanc\u00e9 avec un capital de 25 millions de dollars am\u00e9ricains pour \u00eatre un \u00ab dotation en esp\u00e8ces \u00e0 dur\u00e9e d\u00e9termin\u00e9e \u00bb visant \u00e0 reconstruire des mosqu\u00e9es et \u00e0 en cr\u00e9er de nouvelles sur des fondations qui en font des plates-formes culturelles contribuant au d\u00e9veloppement intellectuel et mat\u00e9riel de la communaut\u00e9 environnante. Ce fonds vise \u00e9galement \u00e0 assurer la p\u00e9rennit\u00e9 de chaque mosqu\u00e9e en la transformant en une dotation productive contribuant \u00e0 la r\u00e9alisation de la mission de la mosqu\u00e9e. Le Fonds des plates-formes de civilisation r\u00e9cup\u00e9rera l\u2019int\u00e9gralit\u00e9 des montants d\u00e9pens\u00e9s pour n\u2019importe quelle mosqu\u00e9e afin que le fonds continue \u00e0 donner \u00e0 l\u2019avenir ou \u00e0 leur restituer le capital des supporters du fonds dans le d\u00e9lai convenu.\n\t\t\t\t\t\t\t\t<\/div>\n\t\t\t\t<\/div>\n\t\t\t\t<div class=\"elementor-element elementor-element-c5e815d elementor-widget-divider--view-line elementor-widget elementor-widget-divider\" data-id=\"c5e815d\" data-element_type=\"widget\" data-widget_type=\"divider.default\">\n\t\t\t\t<div class=\"elementor-widget-container\">\n\t\t\t\t\t\t\t<div class=\"elementor-divider\">\n\t\t\t<span class=\"elementor-divider-separator\">\n\t\t\t\t\t\t<\/span>\n\t\t<\/div>\n\t\t\t\t\t\t<\/div>\n\t\t\t\t<\/div>\n\t\t\t\t\t<\/div>\n\t\t\t\t<\/div>\n\t\t<div class=\"elementor-element elementor-element-33fd35e e-flex e-con-boxed e-con e-parent\" data-id=\"33fd35e\" data-element_type=\"container\">\n\t\t\t\t\t<div class=\"e-con-inner\">\n\t\t\t\t<div class=\"elementor-element elementor-element-45bc7a1 elementor-widget elementor-widget-ct_title\" data-id=\"45bc7a1\" data-element_type=\"widget\" data-widget_type=\"ct_title.default\">\n\t\t\t\t<div class=\"elementor-widget-container\">\n\t\t\t\t\t<div class=\"ct-title1 style2\">\r\n    <h3>\r\n    \t\t        <span>Cinqui\u00e8me projet<\/span>\r\n\t        <i><\/i>\r\n\t        <\/h3>\r\n<\/div>\t\t\t\t<\/div>\n\t\t\t\t<\/div>\n\t\t\t\t<div class=\"elementor-element elementor-element-e42fedb elementor-widget elementor-widget-text-editor\" data-id=\"e42fedb\" data-element_type=\"widget\" data-widget_type=\"text-editor.default\">\n\t\t\t\t<div class=\"elementor-widget-container\">\n\t\t\t\t\t\t\t\t\tLancer une \u00ab entreprise de construction \u00bb sp\u00e9cialis\u00e9e dans la reconstruction des infrastructures, des logements et des puits dans les pays de l\u2019OCI touch\u00e9s par des guerres ou des catastrophes naturelles.\n\t\t\t\t\t\t\t\t<\/div>\n\t\t\t\t<\/div>\n\t\t\t\t<div class=\"elementor-element elementor-element-85a7ce4 elementor-widget-divider--view-line elementor-widget elementor-widget-divider\" data-id=\"85a7ce4\" data-element_type=\"widget\" data-widget_type=\"divider.default\">\n\t\t\t\t<div class=\"elementor-widget-container\">\n\t\t\t\t\t\t\t<div class=\"elementor-divider\">\n\t\t\t<span class=\"elementor-divider-separator\">\n\t\t\t\t\t\t<\/span>\n\t\t<\/div>\n\t\t\t\t\t\t<\/div>\n\t\t\t\t<\/div>\n\t\t\t\t\t<\/div>\n\t\t\t\t<\/div>\n\t\t\t\t<\/div>","protected":false},"excerpt":{"rendered":"<p>\u0627\u0644\u0645\u0634\u0631\u0648\u0639 \u0627\u0644\u0623\u0648\u0644 (\u0635\u0646\u062f\u0648\u0642 \u0627\u0633\u062a\u062f\u0627\u0645\u0629 \u0627\u0644\u0627\u062a\u062d\u0627\u062f \u0627\u0644\u0639\u0642\u0627\u0631\u064a \u0641\u064a \u062f\u0648\u0644 \u0645\u0646\u0638\u0645\u0629 \u0627\u0644\u062a\u0639\u0627\u0648\u0646 \u0627\u0644\u0625\u0633\u0644\u0627\u0645\u064a) \u0628\u0631\u0623\u0633\u0645\u0627\u0644 \u0645\u062f\u0641\u0648\u0639 250 \u0645\u0644\u064a\u0648\u0646 \u062f\u0648\u0644\u0627\u0631 \u0623\u0645\u0631\u064a\u0643\u064a\u060c \u0648\u0627\u0644\u0630\u064a \u064a\u0647\u062f\u0641 \u0625\u0644\u0649 \u0625\u0646\u0634\u0627\u0621 \u0627\u0644\u0645\u0639\u0631\u0636 \u0627\u0644\u0639\u0642\u0627\u0631\u064a \u0627\u0644\u062f\u0627\u0626\u0645 \u0641\u064a \u0643\u0628\u0631\u064a\u0627\u062a \u0627\u0644\u0639\u0648\u0627\u0635\u0645 \u0641\u064a \u062f\u0648\u0644 \u0645\u0646\u0638\u0645\u0629 \u0627\u0644\u062a\u0639\u0627\u0648\u0646 \u0627\u0644\u0625\u0633\u0644\u0627\u0645\u064a. \u0627\u0644\u0645\u0634\u0631\u0648\u0639 \u0627\u0644\u062b\u0627\u0646\u064a (\u0627\u0644\u0634\u0631\u0643\u0629 \u0627\u0644\u062f\u0648\u0644\u064a\u0629 \u0644\u0644\u0645\u0633\u0643\u0646 \u0627\u0644\u0645\u064a\u0633\u0631) \u0648\u0627\u0644\u0630\u064a \u064a\u0647\u062f\u0641 \u0625\u0644\u0649 \u062e\u062f\u0645\u0629 \u062d\u0643\u0648\u0645\u0627\u062a \u062f\u0648\u0644 \u0645\u0646\u0638\u0645\u0629 \u0627\u0644\u062a\u0639\u0627\u0648\u0646 \u0627\u0644\u0625\u0633\u0644\u0627\u0645\u064a \u0627\u0644\u0645\u0627\u0646\u062d\u0629 \u0623\u0648\u0627\u0644\u0646\u0627\u0645\u064a\u0629 \u0641\u064a \u0642\u0637\u0627\u0639 \u0627\u0644\u062a\u0637\u0648\u064a\u0631 \u0627\u0644\u0633\u0643\u0646\u064a\u060c \u0628\u0631\u0623\u0633\u0645\u0627\u0644 \u0645\u062f\u0641\u0648\u0639 [&hellip;]<\/p>","protected":false},"author":1,"featured_media":0,"parent":0,"menu_order":0,"comment_status":"closed","ping_status":"closed","template":"","meta":{"footnotes":""},"class_list":["post-4149","page","type-page","status-publish","hentry"],"_links":{"self":[{"href":"https:\/\/reuos.org\/fr\/wp-json\/wp\/v2\/pages\/4149","targetHints":{"allow":["GET"]}}],"collection":[{"href":"https:\/\/reuos.org\/fr\/wp-json\/wp\/v2\/pages"}],"about":[{"href":"https:\/\/reuos.org\/fr\/wp-json\/wp\/v2\/types\/page"}],"author":[{"embeddable":true,"href":"https:\/\/reuos.org\/fr\/wp-json\/wp\/v2\/users\/1"}],"replies":[{"embeddable":true,"href":"https:\/\/reuos.org\/fr\/wp-json\/wp\/v2\/comments?post=4149"}],"version-history":[{"count":10,"href":"https:\/\/reuos.org\/fr\/wp-json\/wp\/v2\/pages\/4149\/revisions"}],"predecessor-version":[{"id":4440,"href":"https:\/\/reuos.org\/fr\/wp-json\/wp\/v2\/pages\/4149\/revisions\/4440"}],"wp:attachment":[{"href":"https:\/\/reuos.org\/fr\/wp-json\/wp\/v2\/media?parent=4149"}],"curies":[{"name":"wp","href":"https:\/\/api.w.org\/{rel}","templated":true}]}}