{"id":4153,"date":"2024-05-08T18:32:58","date_gmt":"2024-05-08T18:32:58","guid":{"rendered":"https:\/\/reuos.org\/?page_id=4153"},"modified":"2024-10-07T19:28:16","modified_gmt":"2024-10-07T19:28:16","slug":"%d8%a7%d9%84%d8%a3%d8%ae%d8%a8%d8%a7%d8%b1","status":"publish","type":"page","link":"https:\/\/reuos.org\/fr\/%d8%a7%d9%84%d8%a3%d8%ae%d8%a8%d8%a7%d8%b1\/","title":{"rendered":"nouvelles"},"content":{"rendered":"<div data-elementor-type=\"wp-page\" data-elementor-id=\"4153\" class=\"elementor elementor-4153\" data-elementor-post-type=\"page\">\n\t\t\t\t<div class=\"elementor-element elementor-element-cd3ad10 e-flex e-con-boxed e-con e-parent\" data-id=\"cd3ad10\" data-element_type=\"container\">\n\t\t\t\t\t<div class=\"e-con-inner\">\n\t\t\t\t<div class=\"elementor-element elementor-element-50e0cfa elementor-widget elementor-widget-ct_blog_grid\" data-id=\"50e0cfa\" data-element_type=\"widget\" data-widget_type=\"ct_blog_grid.default\">\n\t\t\t\t<div class=\"elementor-widget-container\">\n\t\t\t\t\t\r\n<div id=\"ct_blog_grid-50e0cfa\" class=\"ct-grid ct-blog-grid ct-blog-grid-layout1\" data-layout=\"masonry\" data-start-page=\"1\" data-max-pages=\"1\" data-total=\"6\" data-perpage=\"9\" data-next-link=\"\">\r\n    <div class=\"ct-grid-overlay\"><\/div>\r\n    \r\n    <div class=\"ct-grid-inner ct-grid-masonry row animate-time\" data-gutter=\"15\">\r\n                    <div class=\"grid-sizer col-xl-4 col-lg-4 col-md-4 col-sm-6 col-12\"><\/div>\r\n                                <div class=\"grid-item col-xl-4 col-lg-4 col-md-4 col-sm-6 col-12 filter-category-35\">\r\n                    <div class=\"grid-item-inner\">\r\n                                                    <div class=\"entry-featured\">\r\n                                <a href=\"https:\/\/reuos.org\/fr\/%d8%a7%d9%84%d8%a7%d8%aa%d8%ad%d8%a7%d8%af-%d8%a7%d9%84%d8%b9%d9%82%d8%a7%d8%b1%d9%89-%d9%81%d9%8a-%d8%a7%d9%84%d8%af%d9%88%d9%84-%d8%a7%d9%84%d8%a7%d8%b3%d9%84%d8%a7%d9%85%d9%8a%d8%a9-%d9%8a%d9%88\/\"><img decoding=\"async\" class=\"disable-lazy no-lazyload\" src=\"https:\/\/reuos.org\/wp-content\/uploads\/2024\/06\/signreuos-250x150.jpg\" width=\"250\" height=\"150\" alt=\"signreuos\" title=\"signreuos\" \/><\/a>\r\n                            <\/div>\r\n                                                <div class=\"entry-body\">\r\n                            <div class=\"entry-holder\">\r\n                                                                    <ul class=\"entry-meta\">\r\n                                                                                    <li class=\"item-date\"><i class=\"fac fac-calendar-alt\"><\/i>f\u00e9vrier 5, 2017<\/li>\r\n                                                                                                                    <\/ul>\r\n                                                                <h3 class=\"entry-title\"><a href=\"https:\/\/reuos.org\/fr\/%d8%a7%d9%84%d8%a7%d8%aa%d8%ad%d8%a7%d8%af-%d8%a7%d9%84%d8%b9%d9%82%d8%a7%d8%b1%d9%89-%d9%81%d9%8a-%d8%a7%d9%84%d8%af%d9%88%d9%84-%d8%a7%d9%84%d8%a7%d8%b3%d9%84%d8%a7%d9%85%d9%8a%d8%a9-%d9%8a%d9%88\/\">L'Union Immobili\u00e8re signe un accord avec le Comit\u00e9 Immobilier<\/a><\/h3>\r\n                                                                    <div class=\"entry-readmore\">\r\n                                        <a href=\"https:\/\/reuos.org\/fr\/%d8%a7%d9%84%d8%a7%d8%aa%d8%ad%d8%a7%d8%af-%d8%a7%d9%84%d8%b9%d9%82%d8%a7%d8%b1%d9%89-%d9%81%d9%8a-%d8%a7%d9%84%d8%af%d9%88%d9%84-%d8%a7%d9%84%d8%a7%d8%b3%d9%84%d8%a7%d9%85%d9%8a%d8%a9-%d9%8a%d9%88\/\">\r\n                                            Lire la suite                                            <i class=\"fac fac-angle-double-right space-left\"><\/i>\r\n                                        <\/a>\r\n                                    <\/div>\r\n                                                            <\/div>\r\n                        <\/div>\r\n                    <\/div>\r\n                <\/div>\r\n                            <div class=\"grid-item col-xl-4 col-lg-4 col-md-4 col-sm-6 col-12 filter-category-35\">\r\n                    <div class=\"grid-item-inner\">\r\n                                                    <div class=\"entry-featured\">\r\n                                <a href=\"https:\/\/reuos.org\/fr\/%d9%84%d9%82%d8%a7%d8%a1-%d8%b1%d8%a6%d9%8a%d8%b3-%d9%85%d8%ac%d9%84%d8%b3-%d8%a7%d9%84%d9%85%d8%a4%d8%b3%d8%b3%d9%8a%d9%86-%d8%a8%d9%85%d8%b9%d8%a7%d9%84%d9%8a-%d9%88%d8%b2%d9%8a%d8%b1-%d8%a7%d9%84\/\"><img decoding=\"async\" class=\"disable-lazy no-lazyload\" src=\"https:\/\/reuos.org\/wp-content\/uploads\/2024\/06\/\u0635\u0648\u0631\u0629-\u062e\u0628\u0631-\u0648\u0632\u064a\u0631-\u0627\u0644\u0627\u0633\u0643\u0627\u0646-\u0627\u0644\u062c\u064a\u0628\u0648\u062a\u064a-scaled-250x150.jpg\" width=\"250\" height=\"150\" alt=\"\u0635\u0648\u0631\u0629 \u062e\u0628\u0631 \u0648\u0632\u064a\u0631 \u0627\u0644\u0627\u0633\u0643\u0627\u0646 \u0627\u0644\u062c\u064a\u0628\u0648\u062a\u064a\" title=\"\u0635\u0648\u0631\u0629 \u062e\u0628\u0631 \u0648\u0632\u064a\u0631 \u0627\u0644\u0627\u0633\u0643\u0627\u0646 \u0627\u0644\u062c\u064a\u0628\u0648\u062a\u064a\" \/><\/a>\r\n                            <\/div>\r\n                                                <div class=\"entry-body\">\r\n                            <div class=\"entry-holder\">\r\n                                                                    <ul class=\"entry-meta\">\r\n                                                                                    <li class=\"item-date\"><i class=\"fac fac-calendar-alt\"><\/i>novembre 3, 2016<\/li>\r\n                                                                                                                    <\/ul>\r\n                                                                <h3 class=\"entry-title\"><a href=\"https:\/\/reuos.org\/fr\/%d9%84%d9%82%d8%a7%d8%a1-%d8%b1%d8%a6%d9%8a%d8%b3-%d9%85%d8%ac%d9%84%d8%b3-%d8%a7%d9%84%d9%85%d8%a4%d8%b3%d8%b3%d9%8a%d9%86-%d8%a8%d9%85%d8%b9%d8%a7%d9%84%d9%8a-%d9%88%d8%b2%d9%8a%d8%b1-%d8%a7%d9%84\/\">Rencontre du Pr\u00e9sident du Conseil des Fondateurs avec Son Excellence le Ministre des Affaires \u00c9trang\u00e8res<\/a><\/h3>\r\n                                                                    <div class=\"entry-readmore\">\r\n                                        <a href=\"https:\/\/reuos.org\/fr\/%d9%84%d9%82%d8%a7%d8%a1-%d8%b1%d8%a6%d9%8a%d8%b3-%d9%85%d8%ac%d9%84%d8%b3-%d8%a7%d9%84%d9%85%d8%a4%d8%b3%d8%b3%d9%8a%d9%86-%d8%a8%d9%85%d8%b9%d8%a7%d9%84%d9%8a-%d9%88%d8%b2%d9%8a%d8%b1-%d8%a7%d9%84\/\">\r\n                                            Lire la suite                                            <i class=\"fac fac-angle-double-right space-left\"><\/i>\r\n                                        <\/a>\r\n                                    <\/div>\r\n                                                            <\/div>\r\n                        <\/div>\r\n                    <\/div>\r\n                <\/div>\r\n                            <div class=\"grid-item col-xl-4 col-lg-4 col-md-4 col-sm-6 col-12 filter-category-35\">\r\n                    <div class=\"grid-item-inner\">\r\n                                                    <div class=\"entry-featured\">\r\n                                <a href=\"https:\/\/reuos.org\/fr\/%d8%a7%d9%86%d8%b9%d9%82%d8%a7%d8%af-%d9%85%d9%84%d8%aa%d9%82%d9%89-%d8%a7%d9%84%d8%a3%d9%88%d9%82%d8%a7%d9%81-%d8%a7%d9%84%d9%85%d8%b3%d8%aa%d8%af%d8%a7%d9%85%d8%a9-%d9%81%d9%8a-%d8%a7%d8%b3%d8%b7\/\"><img decoding=\"async\" class=\"disable-lazy no-lazyload\" src=\"https:\/\/reuos.org\/wp-content\/uploads\/2016\/04\/ist2016-250x150.jpeg\" width=\"250\" height=\"150\" alt=\"ist2016\" title=\"ist2016\" \/><\/a>\r\n                            <\/div>\r\n                                                <div class=\"entry-body\">\r\n                            <div class=\"entry-holder\">\r\n                                                                    <ul class=\"entry-meta\">\r\n                                                                                    <li class=\"item-date\"><i class=\"fac fac-calendar-alt\"><\/i>avril 22, 2016<\/li>\r\n                                                                                                                    <\/ul>\r\n                                                                <h3 class=\"entry-title\"><a href=\"https:\/\/reuos.org\/fr\/%d8%a7%d9%86%d8%b9%d9%82%d8%a7%d8%af-%d9%85%d9%84%d8%aa%d9%82%d9%89-%d8%a7%d9%84%d8%a3%d9%88%d9%82%d8%a7%d9%81-%d8%a7%d9%84%d9%85%d8%b3%d8%aa%d8%af%d8%a7%d9%85%d8%a9-%d9%81%d9%8a-%d8%a7%d8%b3%d8%b7\/\">La tenue du Forum des Waqfs Durables \u00e0 Istanbul<\/a><\/h3>\r\n                                                                    <div class=\"entry-readmore\">\r\n                                        <a href=\"https:\/\/reuos.org\/fr\/%d8%a7%d9%86%d8%b9%d9%82%d8%a7%d8%af-%d9%85%d9%84%d8%aa%d9%82%d9%89-%d8%a7%d9%84%d8%a3%d9%88%d9%82%d8%a7%d9%81-%d8%a7%d9%84%d9%85%d8%b3%d8%aa%d8%af%d8%a7%d9%85%d8%a9-%d9%81%d9%8a-%d8%a7%d8%b3%d8%b7\/\">\r\n                                            Lire la suite                                            <i class=\"fac fac-angle-double-right space-left\"><\/i>\r\n                                        <\/a>\r\n                                    <\/div>\r\n                                                            <\/div>\r\n                        <\/div>\r\n                    <\/div>\r\n                <\/div>\r\n                            <div class=\"grid-item col-xl-4 col-lg-4 col-md-4 col-sm-6 col-12 filter-category-35\">\r\n                    <div class=\"grid-item-inner\">\r\n                                                    <div class=\"entry-featured\">\r\n                                <a href=\"https:\/\/reuos.org\/fr\/%d9%85%d8%b4%d8%a7%d8%b1%d9%83%d8%a9-%d8%a7%d9%84%d8%a7%d8%aa%d8%ad%d8%a7%d8%af-%d8%a7%d9%84%d8%b9%d9%82%d8%a7%d8%b1%d9%89-%d9%81%d9%89-%d8%a7%d9%84%d8%af%d9%88%d9%84-%d8%a7%d9%84%d8%a7%d8%b3%d9%84\/\"><img loading=\"lazy\" decoding=\"async\" class=\"disable-lazy no-lazyload\" src=\"https:\/\/reuos.org\/wp-content\/uploads\/2024\/06\/Screenshot-2024-06-03-at-6.55.22\u202fPM-250x150.png\" width=\"250\" height=\"150\" alt=\"Screenshot 2024-06-03 at 6.55.22\u202fPM\" title=\"Screenshot 2024-06-03 at 6.55.22\u202fPM\" \/><\/a>\r\n                            <\/div>\r\n                                                <div class=\"entry-body\">\r\n                            <div class=\"entry-holder\">\r\n                                                                    <ul class=\"entry-meta\">\r\n                                                                                    <li class=\"item-date\"><i class=\"fac fac-calendar-alt\"><\/i>mai 28, 2015<\/li>\r\n                                                                                                                    <\/ul>\r\n                                                                <h3 class=\"entry-title\"><a href=\"https:\/\/reuos.org\/fr\/%d9%85%d8%b4%d8%a7%d8%b1%d9%83%d8%a9-%d8%a7%d9%84%d8%a7%d8%aa%d8%ad%d8%a7%d8%af-%d8%a7%d9%84%d8%b9%d9%82%d8%a7%d8%b1%d9%89-%d9%81%d9%89-%d8%a7%d9%84%d8%af%d9%88%d9%84-%d8%a7%d9%84%d8%a7%d8%b3%d9%84\/\">Participation de REUOS \u00e0 la Quarante-deuxi\u00e8me Conf\u00e9rence<\/a><\/h3>\r\n                                                                    <div class=\"entry-readmore\">\r\n                                        <a href=\"https:\/\/reuos.org\/fr\/%d9%85%d8%b4%d8%a7%d8%b1%d9%83%d8%a9-%d8%a7%d9%84%d8%a7%d8%aa%d8%ad%d8%a7%d8%af-%d8%a7%d9%84%d8%b9%d9%82%d8%a7%d8%b1%d9%89-%d9%81%d9%89-%d8%a7%d9%84%d8%af%d9%88%d9%84-%d8%a7%d9%84%d8%a7%d8%b3%d9%84\/\">\r\n                                            Lire la suite                                            <i class=\"fac fac-angle-double-right space-left\"><\/i>\r\n                                        <\/a>\r\n                                    <\/div>\r\n                                                            <\/div>\r\n                        <\/div>\r\n                    <\/div>\r\n                <\/div>\r\n                            <div class=\"grid-item col-xl-4 col-lg-4 col-md-4 col-sm-6 col-12 filter-category-35\">\r\n                    <div class=\"grid-item-inner\">\r\n                                                    <div class=\"entry-featured\">\r\n                                <a href=\"https:\/\/reuos.org\/fr\/%d8%aa%d9%86%d8%b8%d9%8a%d9%85-%d9%85%d9%84%d8%aa%d9%82%d9%89-%d8%a2%d9%81%d8%a7%d9%82-%d8%a7%d9%84%d8%aa%d8%b9%d8%a7%d9%88%d9%86-%d9%84%d9%84%d8%a7%d8%aa%d8%ad%d8%a7%d8%af-%d8%a7%d9%84%d8%b9\/\"><img loading=\"lazy\" decoding=\"async\" class=\"disable-lazy no-lazyload\" src=\"https:\/\/reuos.org\/wp-content\/uploads\/2019\/11\/3np-250x150.png\" width=\"250\" height=\"150\" alt=\"3np\" title=\"3np\" \/><\/a>\r\n                            <\/div>\r\n                                                <div class=\"entry-body\">\r\n                            <div class=\"entry-holder\">\r\n                                                                    <ul class=\"entry-meta\">\r\n                                                                                    <li class=\"item-date\"><i class=\"fac fac-calendar-alt\"><\/i>avril 5, 2015<\/li>\r\n                                                                                                                    <\/ul>\r\n                                                                <h3 class=\"entry-title\"><a href=\"https:\/\/reuos.org\/fr\/%d8%aa%d9%86%d8%b8%d9%8a%d9%85-%d9%85%d9%84%d8%aa%d9%82%d9%89-%d8%a2%d9%81%d8%a7%d9%82-%d8%a7%d9%84%d8%aa%d8%b9%d8%a7%d9%88%d9%86-%d9%84%d9%84%d8%a7%d8%aa%d8%ad%d8%a7%d8%af-%d8%a7%d9%84%d8%b9\/\">Organisation du Forum des Perspectives de Coop\u00e9ration REUOS\u00a0<\/a><\/h3>\r\n                                                                    <div class=\"entry-readmore\">\r\n                                        <a href=\"https:\/\/reuos.org\/fr\/%d8%aa%d9%86%d8%b8%d9%8a%d9%85-%d9%85%d9%84%d8%aa%d9%82%d9%89-%d8%a2%d9%81%d8%a7%d9%82-%d8%a7%d9%84%d8%aa%d8%b9%d8%a7%d9%88%d9%86-%d9%84%d9%84%d8%a7%d8%aa%d8%ad%d8%a7%d8%af-%d8%a7%d9%84%d8%b9\/\">\r\n                                            Lire la suite                                            <i class=\"fac fac-angle-double-right space-left\"><\/i>\r\n                                        <\/a>\r\n                                    <\/div>\r\n                                                            <\/div>\r\n                        <\/div>\r\n                    <\/div>\r\n                <\/div>\r\n                            <div class=\"grid-item col-xl-4 col-lg-4 col-md-4 col-sm-6 col-12 filter-category-35\">\r\n                    <div class=\"grid-item-inner\">\r\n                                                    <div class=\"entry-featured\">\r\n                                <a href=\"https:\/\/reuos.org\/fr\/many-types-of-construction-equipment-are-designed\/\"><img loading=\"lazy\" decoding=\"async\" class=\"disable-lazy no-lazyload\" src=\"https:\/\/reuos.org\/wp-content\/uploads\/2015\/01\/news1-250x150.jpg\" width=\"250\" height=\"150\" alt=\"news1\" title=\"news1\" \/><\/a>\r\n                            <\/div>\r\n                                                <div class=\"entry-body\">\r\n                            <div class=\"entry-holder\">\r\n                                                                    <ul class=\"entry-meta\">\r\n                                                                                    <li class=\"item-date\"><i class=\"fac fac-calendar-alt\"><\/i>janvier 7, 2015<\/li>\r\n                                                                                                                    <\/ul>\r\n                                                                <h3 class=\"entry-title\"><a href=\"https:\/\/reuos.org\/fr\/many-types-of-construction-equipment-are-designed\/\">Le march\u00e9 immobilier saoudien a besoin d'alternatives pour soutenir l'offre au lieu des frais sur les terrains blancs<\/a><\/h3>\r\n                                                                    <div class=\"entry-readmore\">\r\n                                        <a href=\"https:\/\/reuos.org\/fr\/many-types-of-construction-equipment-are-designed\/\">\r\n                                            Lire la suite                                            <i class=\"fac fac-angle-double-right space-left\"><\/i>\r\n                                        <\/a>\r\n                                    <\/div>\r\n                                                            <\/div>\r\n                        <\/div>\r\n                    <\/div>\r\n                <\/div>\r\n                <\/div>\r\n        <\/div>\t\t\t\t<\/div>\n\t\t\t\t<\/div>\n\t\t\t\t\t<\/div>\n\t\t\t\t<\/div>\n\t\t\t\t<\/div>","protected":false},"excerpt":{"rendered":"<p>\u0641\u0628\u0631\u0627\u064a\u0631 5, 2017 \u0627\u0644\u0627\u062a\u062d\u0627\u062f \u0627\u0644\u0639\u0642\u0627\u0631\u0649 \u064a\u0648\u0642\u0639 \u0627\u062a\u0641\u0627\u0642\u064a\u0629 \u0645\u0639 \u0627\u0644\u0644\u062c\u0646\u0629 \u0627\u0644\u0639\u0642\u0627\u0631\u064a\u0629 \u0623\u0642\u0631\u0623 \u0627\u0644\u0645\u0632\u064a\u062f \u0646\u0648\u0641\u0645\u0628\u0631 3, 2016 \u0644\u0642\u0627\u0621 \u0631\u0626\u064a\u0633 \u0645\u062c\u0644\u0633 \u0627\u0644\u0645\u0624\u0633\u0633\u064a\u0646 \u0628\u0645\u0639\u0627\u0644\u064a \u0648\u0632\u064a\u0631 \u0627\u0644\u062e\u0627\u0631\u062c\u064a\u0629 \u0623\u0642\u0631\u0623 \u0627\u0644\u0645\u0632\u064a\u062f \u0623\u0628\u0631\u064a\u0644 22, 2016 \u0627\u0646\u0639\u0642\u0627\u062f \u0645\u0644\u062a\u0642\u0649 \u0627\u0644\u0623\u0648\u0642\u0627\u0641 \u0627\u0644\u0645\u0633\u062a\u062f\u0627\u0645\u0629 \u0641\u064a \u0627\u0633\u0637\u0646\u0628\u0648\u0644 \u0623\u0642\u0631\u0623 \u0627\u0644\u0645\u0632\u064a\u062f \u0645\u0627\u064a\u0648 28, 2015 \u0645\u0634\u0627\u0631\u0643\u0629 \u0627\u0644\u0627\u062a\u062d\u0627\u062f \u0627\u0644\u0639\u0642\u0627\u0631\u0649 \u0641\u0649 \u0627\u0644\u062f\u0648\u0644 \u0627\u0644\u0627\u0633\u0644\u0627\u0645\u064a\u0629 \u0641\u0649 \u0645\u0624\u062a\u0645\u0631 \u0648\u0632\u0631\u0627\u0621 \u062e\u0627\u0631\u062c\u064a\u0629 \u0627\u0644\u062b\u0627\u0646\u064a \u0648\u0627\u0644\u0627\u0631\u0628\u0639\u0648\u0646 \u0623\u0642\u0631\u0623 \u0627\u0644\u0645\u0632\u064a\u062f \u0623\u0628\u0631\u064a\u0644 5, 2015 [&hellip;]<\/p>","protected":false},"author":1,"featured_media":0,"parent":0,"menu_order":0,"comment_status":"closed","ping_status":"closed","template":"","meta":{"footnotes":""},"class_list":["post-4153","page","type-page","status-publish","hentry"],"_links":{"self":[{"href":"https:\/\/reuos.org\/fr\/wp-json\/wp\/v2\/pages\/4153","targetHints":{"allow":["GET"]}}],"collection":[{"href":"https:\/\/reuos.org\/fr\/wp-json\/wp\/v2\/pages"}],"about":[{"href":"https:\/\/reuos.org\/fr\/wp-json\/wp\/v2\/types\/page"}],"author":[{"embeddable":true,"href":"https:\/\/reuos.org\/fr\/wp-json\/wp\/v2\/users\/1"}],"replies":[{"embeddable":true,"href":"https:\/\/reuos.org\/fr\/wp-json\/wp\/v2\/comments?post=4153"}],"version-history":[{"count":16,"href":"https:\/\/reuos.org\/fr\/wp-json\/wp\/v2\/pages\/4153\/revisions"}],"predecessor-version":[{"id":4685,"href":"https:\/\/reuos.org\/fr\/wp-json\/wp\/v2\/pages\/4153\/revisions\/4685"}],"wp:attachment":[{"href":"https:\/\/reuos.org\/fr\/wp-json\/wp\/v2\/media?parent=4153"}],"curies":[{"name":"wp","href":"https:\/\/api.w.org\/{rel}","templated":true}]}}