{"id":4317,"date":"2024-05-11T23:58:41","date_gmt":"2024-05-11T23:58:41","guid":{"rendered":"https:\/\/reuos.org\/?page_id=4317"},"modified":"2024-05-12T00:02:08","modified_gmt":"2024-05-12T00:02:08","slug":"%d8%b1%d8%b3%d8%a7%d9%84%d8%aa%d9%86%d8%a7","status":"publish","type":"page","link":"https:\/\/reuos.org\/fr\/%d8%b1%d8%b3%d8%a7%d9%84%d8%aa%d9%86%d8%a7\/","title":{"rendered":"Mission"},"content":{"rendered":"<div data-elementor-type=\"wp-page\" data-elementor-id=\"4317\" class=\"elementor elementor-4317\" data-elementor-post-type=\"page\">\n\t\t\t\t<div class=\"elementor-element elementor-element-21d641a e-flex e-con-boxed e-con e-parent\" data-id=\"21d641a\" data-element_type=\"container\">\n\t\t\t\t\t<div class=\"e-con-inner\">\n\t\t\t\t<div class=\"elementor-element elementor-element-1c4a212 elementor-widget elementor-widget-text-editor\" data-id=\"1c4a212\" data-element_type=\"widget\" data-widget_type=\"text-editor.default\">\n\t\t\t\t<div class=\"elementor-widget-container\">\n\t\t\t\t\t\t\t\t\tUne maison de connaissances et d\u2019investissement qui regroupe et sert les pionniers du secteur priv\u00e9 et lance des initiatives qualitatives qui soutiennent l\u2019\u00e9conomie locale et conjointe des gouvernements ; il contribue \u00e0 renforcer relations, \u00e9changes d'exp\u00e9riences, \u00e9tablissement de partenariats ; contribue \u00e9galement dans le lancement d'infrastructures, de reconstruction, de projets de logement, d'immobilier investissements pour ses membres dans les \u00c9tats de l\u2019Organisation de la coop\u00e9ration islamique.\n\t\t\t\t\t\t\t\t<\/div>\n\t\t\t\t<\/div>\n\t\t\t\t\t<\/div>\n\t\t\t\t<\/div>\n\t\t<div class=\"elementor-element elementor-element-55821dc e-flex e-con-boxed e-con e-parent\" data-id=\"55821dc\" data-element_type=\"container\">\n\t\t\t\t\t<div class=\"e-con-inner\">\n\t\t\t\t<div class=\"elementor-element elementor-element-362f870 elementor-widget-divider--view-line elementor-widget elementor-widget-divider\" data-id=\"362f870\" data-element_type=\"widget\" data-widget_type=\"divider.default\">\n\t\t\t\t<div class=\"elementor-widget-container\">\n\t\t\t\t\t\t\t<div class=\"elementor-divider\">\n\t\t\t<span class=\"elementor-divider-separator\">\n\t\t\t\t\t\t<\/span>\n\t\t<\/div>\n\t\t\t\t\t\t<\/div>\n\t\t\t\t<\/div>\n\t\t\t\t\t<\/div>\n\t\t\t\t<\/div>\n\t\t\t\t<\/div>","protected":false},"excerpt":{"rendered":"<p>Une maison de connaissances et d\u2019investissement qui regroupe et sert les pionniers du secteur priv\u00e9 et lance des initiatives qualitatives qui soutiennent l\u2019\u00e9conomie locale et conjointe des gouvernements ; il contribue \u00e0 renforcer relations, \u00e9changes d'exp\u00e9riences, \u00e9tablissement de partenariats ; contribue \u00e9galement dans le lancement d'infrastructures, de reconstruction, de projets de logement, d'immobilier investissements pour ses membres dans les \u00c9tats de l\u2019Organisation de la coop\u00e9ration islamique.<\/p>","protected":false},"author":1,"featured_media":0,"parent":0,"menu_order":0,"comment_status":"closed","ping_status":"closed","template":"","meta":{"footnotes":""},"class_list":["post-4317","page","type-page","status-publish","hentry"],"_links":{"self":[{"href":"https:\/\/reuos.org\/fr\/wp-json\/wp\/v2\/pages\/4317","targetHints":{"allow":["GET"]}}],"collection":[{"href":"https:\/\/reuos.org\/fr\/wp-json\/wp\/v2\/pages"}],"about":[{"href":"https:\/\/reuos.org\/fr\/wp-json\/wp\/v2\/types\/page"}],"author":[{"embeddable":true,"href":"https:\/\/reuos.org\/fr\/wp-json\/wp\/v2\/users\/1"}],"replies":[{"embeddable":true,"href":"https:\/\/reuos.org\/fr\/wp-json\/wp\/v2\/comments?post=4317"}],"version-history":[{"count":4,"href":"https:\/\/reuos.org\/fr\/wp-json\/wp\/v2\/pages\/4317\/revisions"}],"predecessor-version":[{"id":4329,"href":"https:\/\/reuos.org\/fr\/wp-json\/wp\/v2\/pages\/4317\/revisions\/4329"}],"wp:attachment":[{"href":"https:\/\/reuos.org\/fr\/wp-json\/wp\/v2\/media?parent=4317"}],"curies":[{"name":"wp","href":"https:\/\/api.w.org\/{rel}","templated":true}]}}