{"id":4319,"date":"2024-05-11T23:58:51","date_gmt":"2024-05-11T23:58:51","guid":{"rendered":"https:\/\/reuos.org\/?page_id=4319"},"modified":"2024-05-12T00:04:56","modified_gmt":"2024-05-12T00:04:56","slug":"%d8%b1%d8%a4%d9%8a%d8%aa%d9%86%d8%a7","status":"publish","type":"page","link":"https:\/\/reuos.org\/fr\/%d8%b1%d8%a4%d9%8a%d8%aa%d9%86%d8%a7\/","title":{"rendered":"Notre vision"},"content":{"rendered":"<div data-elementor-type=\"wp-page\" data-elementor-id=\"4319\" class=\"elementor elementor-4319\" data-elementor-post-type=\"page\">\n\t\t\t\t<div class=\"elementor-element elementor-element-9f51cb5 e-flex e-con-boxed e-con e-parent\" data-id=\"9f51cb5\" data-element_type=\"container\">\n\t\t\t\t\t<div class=\"e-con-inner\">\n\t\t\t\t<div class=\"elementor-element elementor-element-b73fa42 elementor-widget elementor-widget-text-editor\" data-id=\"b73fa42\" data-element_type=\"widget\" data-widget_type=\"text-editor.default\">\n\t\t\t\t<div class=\"elementor-widget-container\">\n\t\t\t\t\t\t\t\t\t devenir un pionnier pour les gouvernements et le secteur priv\u00e9 des \u00c9tats islamiques \u00e0 travers le domaine de la connaissance, du d\u00e9veloppement et des investissements immobiliers.\n\n\t\t\t\t\t\t\t\t<\/div>\n\t\t\t\t<\/div>\n\t\t\t\t\t<\/div>\n\t\t\t\t<\/div>\n\t\t<div class=\"elementor-element elementor-element-ce1b4c8 e-flex e-con-boxed e-con e-parent\" data-id=\"ce1b4c8\" data-element_type=\"container\">\n\t\t\t\t\t<div class=\"e-con-inner\">\n\t\t\t\t<div class=\"elementor-element elementor-element-c694466 elementor-widget-divider--view-line elementor-widget elementor-widget-divider\" data-id=\"c694466\" data-element_type=\"widget\" data-widget_type=\"divider.default\">\n\t\t\t\t<div class=\"elementor-widget-container\">\n\t\t\t\t\t\t\t<div class=\"elementor-divider\">\n\t\t\t<span class=\"elementor-divider-separator\">\n\t\t\t\t\t\t<\/span>\n\t\t<\/div>\n\t\t\t\t\t\t<\/div>\n\t\t\t\t<\/div>\n\t\t\t\t\t<\/div>\n\t\t\t\t<\/div>\n\t\t\t\t<\/div>","protected":false},"excerpt":{"rendered":"<p>devenir un pionnier pour les gouvernements et le secteur priv\u00e9 des \u00c9tats islamiques \u00e0 travers le domaine de la connaissance, du d\u00e9veloppement et des investissements immobiliers.<\/p>","protected":false},"author":1,"featured_media":0,"parent":0,"menu_order":0,"comment_status":"closed","ping_status":"closed","template":"","meta":{"footnotes":""},"class_list":["post-4319","page","type-page","status-publish","hentry"],"_links":{"self":[{"href":"https:\/\/reuos.org\/fr\/wp-json\/wp\/v2\/pages\/4319","targetHints":{"allow":["GET"]}}],"collection":[{"href":"https:\/\/reuos.org\/fr\/wp-json\/wp\/v2\/pages"}],"about":[{"href":"https:\/\/reuos.org\/fr\/wp-json\/wp\/v2\/types\/page"}],"author":[{"embeddable":true,"href":"https:\/\/reuos.org\/fr\/wp-json\/wp\/v2\/users\/1"}],"replies":[{"embeddable":true,"href":"https:\/\/reuos.org\/fr\/wp-json\/wp\/v2\/comments?post=4319"}],"version-history":[{"count":10,"href":"https:\/\/reuos.org\/fr\/wp-json\/wp\/v2\/pages\/4319\/revisions"}],"predecessor-version":[{"id":4338,"href":"https:\/\/reuos.org\/fr\/wp-json\/wp\/v2\/pages\/4319\/revisions\/4338"}],"wp:attachment":[{"href":"https:\/\/reuos.org\/fr\/wp-json\/wp\/v2\/media?parent=4319"}],"curies":[{"name":"wp","href":"https:\/\/api.w.org\/{rel}","templated":true}]}}